{"id":80,"date":"2025-05-31T12:17:17","date_gmt":"2025-05-31T12:17:17","guid":{"rendered":"https:\/\/paulinepolka.com\/?page_id=80"},"modified":"2026-02-26T17:26:49","modified_gmt":"2026-02-26T17:26:49","slug":"pour-commander-pauline-pofree-fr","status":"publish","type":"page","link":"https:\/\/paulinepolka.com\/?page_id=80","title":{"rendered":"Commander"},"content":{"rendered":"\n<p><strong> En ligne :<\/strong><\/p>\n\n\n\n<div class=\"wp-block-columns is-layout-flex wp-container-core-columns-is-layout-28f84493 wp-block-columns-is-layout-flex\">\n<div class=\"wp-block-column is-layout-flow wp-block-column-is-layout-flow\" style=\"flex-basis:100%\">\n<details class=\"wp-block-details is-layout-flow wp-block-details-is-layout-flow\"><summary><a href=\"https:\/\/www.editions-harmattan.fr\/catalogue\/auteur\/pauline-polka\/9123\">Pauline Polka \u2013 Editions L\u2019Harmattan<\/a><\/summary><a class=\"wp-block-read-more\" href=\"https:\/\/paulinepolka.com\/?page_id=80\" target=\"_self\">Lire la suite<span class=\"screen-reader-text\">\u00a0: Commander<\/span><\/a><\/details>\n<\/div>\n<\/div>\n\n\n\n<div class=\"wp-block-group alignfull is-layout-flow wp-container-core-group-is-layout-f9cb6abc wp-block-group-is-layout-flow\" style=\"margin-top:0;margin-bottom:0\">\n<div class=\"wp-block-columns alignfull is-style-section-2 is-layout-flex wp-container-core-columns-is-layout-d9884270 wp-block-columns-is-layout-flex is-style-section-2--1\" style=\"padding-top:0;padding-bottom:0\">\n<div class=\"wp-block-column is-layout-flow wp-block-column-is-layout-flow\" style=\"flex-basis:50%\">\n<div class=\"wp-block-group is-vertical is-content-justification-stretch is-layout-flex wp-container-core-group-is-layout-098fff0a wp-block-group-is-layout-flex\" style=\"min-height:33vh;padding-top:var(--wp--preset--spacing--50);padding-right:var(--wp--preset--spacing--50);padding-bottom:var(--wp--preset--spacing--50);padding-left:var(--wp--preset--spacing--50)\">\n<p>Ces contes sont d\u00fbment s\u00e9lectionn\u00e9s pour leur qualit\u00e9s immersives dans l\u2019exp\u00e9rience humaine universelle.<\/p>\n\n\n\n<p>Ils mettent en avant les valeurs spirituelles et existentielles de l&rsquo;homme dont les facult\u00e9s de cr\u00e9ativit\u00e9, d&rsquo;Amour universel, de libert\u00e9&#8230;<\/p>\n\n\n\n<p>Avec l\u2019essence de diff\u00e9rentes cultures et d&rsquo;\u00e9poques ils restent pourtant toujours d&rsquo;actualit\u00e9!<\/p>\n\n\n\n<h2 class=\"wp-block-heading has-xx-large-font-size\">Commander (Envoi par courrier postal)<\/h2>\n\n\n\n<p>9 Euros <\/p>\n\n\n\n<p>Chaque livre directement \u00e0 : pauline.po@free.fr<\/p>\n\n\n\n<p><\/p>\n\n\n\n<p><\/p>\n<\/div>\n<\/div>\n\n\n\n<div class=\"wp-block-column is-style-default is-layout-flow wp-block-column-is-layout-flow\" style=\"flex-basis:50%\">\n<figure class=\"wp-block-gallery has-nested-images columns-default is-cropped wp-block-gallery-2 is-layout-flex wp-block-gallery-is-layout-flex\">\n<figure class=\"wp-block-image size-large\"><img loading=\"lazy\" decoding=\"async\" width=\"966\" height=\"1024\" data-id=\"485\" src=\"https:\/\/paulinepolka.com\/wp-content\/uploads\/2026\/01\/Affivche-contes-de-midi-page-001-2-966x1024.jpg\" alt=\"\" class=\"wp-image-485\" srcset=\"https:\/\/paulinepolka.com\/wp-content\/uploads\/2026\/01\/Affivche-contes-de-midi-page-001-2-966x1024.jpg 966w, https:\/\/paulinepolka.com\/wp-content\/uploads\/2026\/01\/Affivche-contes-de-midi-page-001-2-283x300.jpg 283w, https:\/\/paulinepolka.com\/wp-content\/uploads\/2026\/01\/Affivche-contes-de-midi-page-001-2-768x814.jpg 768w, https:\/\/paulinepolka.com\/wp-content\/uploads\/2026\/01\/Affivche-contes-de-midi-page-001-2-1450x1536.jpg 1450w, https:\/\/paulinepolka.com\/wp-content\/uploads\/2026\/01\/Affivche-contes-de-midi-page-001-2.jpg 1831w\" sizes=\"auto, (max-width: 966px) 100vw, 966px\" \/><\/figure>\n<\/figure>\n<\/div>\n<\/div>\n<\/div>\n","protected":false},"excerpt":{"rendered":"<p>En ligne : Ces contes sont d\u00fbment s\u00e9lectionn\u00e9s pour leur qualit\u00e9s immersives dans l\u2019exp\u00e9rience humaine universelle. Ils mettent en avant les valeurs spirituelles et existentielles de l&rsquo;homme dont les facult\u00e9s de cr\u00e9ativit\u00e9, d&rsquo;Amour universel, de libert\u00e9&#8230; Avec l\u2019essence de diff\u00e9rentes cultures et d&rsquo;\u00e9poques ils restent pourtant toujours d&rsquo;actualit\u00e9! Commander (Envoi par courrier postal) 9 Euros [&hellip;]<\/p>\n","protected":false},"author":1,"featured_media":0,"parent":51,"menu_order":0,"comment_status":"closed","ping_status":"closed","template":"","meta":{"footnotes":""},"class_list":["post-80","page","type-page","status-publish","hentry"],"_links":{"self":[{"href":"https:\/\/paulinepolka.com\/index.php?rest_route=\/wp\/v2\/pages\/80","targetHints":{"allow":["GET"]}}],"collection":[{"href":"https:\/\/paulinepolka.com\/index.php?rest_route=\/wp\/v2\/pages"}],"about":[{"href":"https:\/\/paulinepolka.com\/index.php?rest_route=\/wp\/v2\/types\/page"}],"author":[{"embeddable":true,"href":"https:\/\/paulinepolka.com\/index.php?rest_route=\/wp\/v2\/users\/1"}],"replies":[{"embeddable":true,"href":"https:\/\/paulinepolka.com\/index.php?rest_route=%2Fwp%2Fv2%2Fcomments&post=80"}],"version-history":[{"count":27,"href":"https:\/\/paulinepolka.com\/index.php?rest_route=\/wp\/v2\/pages\/80\/revisions"}],"predecessor-version":[{"id":504,"href":"https:\/\/paulinepolka.com\/index.php?rest_route=\/wp\/v2\/pages\/80\/revisions\/504"}],"up":[{"embeddable":true,"href":"https:\/\/paulinepolka.com\/index.php?rest_route=\/wp\/v2\/pages\/51"}],"wp:attachment":[{"href":"https:\/\/paulinepolka.com\/index.php?rest_route=%2Fwp%2Fv2%2Fmedia&parent=80"}],"curies":[{"name":"wp","href":"https:\/\/api.w.org\/{rel}","templated":true}]}}