{"id":63,"date":"2025-05-29T16:59:06","date_gmt":"2025-05-29T16:59:06","guid":{"rendered":"https:\/\/paulinepolka.com\/?page_id=63"},"modified":"2026-04-01T14:48:10","modified_gmt":"2026-04-01T14:48:10","slug":"musique","status":"publish","type":"page","link":"https:\/\/paulinepolka.com\/?page_id=63","title":{"rendered":"Musique\/ actu"},"content":{"rendered":"\n<figure class=\"wp-block-image size-large\"><img loading=\"lazy\" decoding=\"async\" width=\"724\" height=\"1024\" src=\"https:\/\/paulinepolka.com\/wp-content\/uploads\/2026\/04\/invitation-l-Agora-page-001-724x1024.jpg\" alt=\"\" class=\"wp-image-529\" srcset=\"https:\/\/paulinepolka.com\/wp-content\/uploads\/2026\/04\/invitation-l-Agora-page-001-724x1024.jpg 724w, https:\/\/paulinepolka.com\/wp-content\/uploads\/2026\/04\/invitation-l-Agora-page-001-212x300.jpg 212w, https:\/\/paulinepolka.com\/wp-content\/uploads\/2026\/04\/invitation-l-Agora-page-001-768x1086.jpg 768w, https:\/\/paulinepolka.com\/wp-content\/uploads\/2026\/04\/invitation-l-Agora-page-001-1086x1536.jpg 1086w, https:\/\/paulinepolka.com\/wp-content\/uploads\/2026\/04\/invitation-l-Agora-page-001-1448x2048.jpg 1448w, https:\/\/paulinepolka.com\/wp-content\/uploads\/2026\/04\/invitation-l-Agora-page-001-scaled.jpg 1811w\" sizes=\"auto, (max-width: 724px) 100vw, 724px\" \/><\/figure>\n\n\n\n<figure class=\"wp-block-gallery has-nested-images columns-default is-cropped wp-block-gallery-1 is-layout-flex wp-block-gallery-is-layout-flex\">\n<figure class=\"wp-block-image size-large\"><img loading=\"lazy\" decoding=\"async\" width=\"433\" height=\"770\" data-id=\"226\" src=\"https:\/\/paulinepolka.com\/wp-content\/uploads\/2025\/07\/affiche-balade-musicale-juliette.jpg\" alt=\"\" class=\"wp-image-226\" srcset=\"https:\/\/paulinepolka.com\/wp-content\/uploads\/2025\/07\/affiche-balade-musicale-juliette.jpg 433w, https:\/\/paulinepolka.com\/wp-content\/uploads\/2025\/07\/affiche-balade-musicale-juliette-169x300.jpg 169w\" sizes=\"auto, (max-width: 433px) 100vw, 433px\" \/><\/figure>\n<\/figure>\n\n\n\n<div class=\"wp-block-group alignfull has-global-padding is-layout-constrained wp-container-core-group-is-layout-0c9c989a wp-block-group-is-layout-constrained\" style=\"min-height:0vh;margin-top:0;margin-bottom:0;padding-top:var(--wp--preset--spacing--70);padding-right:var(--wp--preset--spacing--40);padding-bottom:var(--wp--preset--spacing--70);padding-left:var(--wp--preset--spacing--40)\">\n<div class=\"wp-block-group has-global-padding is-layout-constrained wp-container-core-group-is-layout-346627ba wp-block-group-is-layout-constrained\">\n<p class=\"has-text-align-center\"><em><strong>\u00ab\u00a0Travers\u00e9e de 4 saisons<\/strong><\/em>\u00a0\u00bb dur\u00e9e 75mn<\/p>\n\n\n\n<p class=\"has-text-align-center\">Tout comme les fleurs qui \u00e9closent dans des moments inattendus, chaque chanson avec un conte du monde de saison voient se d\u00e9ployer avec beaut\u00e9 les tr\u00e9sors d&rsquo;imaginations<\/p>\n\n\n\n<p class=\"has-text-align-center\">Et puis apr\u00e8s on part pour un ailleurs, hors saison ! <\/p>\n\n\n\n<p class=\"has-text-align-center\">on vous emm\u00e8ne? <\/p>\n\n\n\n<div class=\"wp-block-buttons is-content-justification-center is-layout-flex wp-container-core-buttons-is-layout-a89b3969 wp-block-buttons-is-layout-flex\">\n<div class=\"wp-block-button\"><a class=\"wp-block-button__link wp-element-button\" href=\"https:\/\/www.youtube.com\/watch?v=hXuAuPkmRL0\">En savoir plus extrait&#8230;<\/a><\/div>\n<\/div>\n<\/div>\n<\/div>\n\n\n\n<div class=\"wp-block-group alignfull is-style-section-1 has-global-padding is-layout-constrained wp-block-group-is-layout-constrained is-style-section-1--2\" style=\"margin-top:0;margin-bottom:0;padding-top:var(--wp--preset--spacing--80);padding-bottom:var(--wp--preset--spacing--80)\">\n<figure class=\"wp-block-gallery has-nested-images columns-default is-cropped wp-block-gallery-3 is-layout-flex wp-block-gallery-is-layout-flex\">\n<figure class=\"wp-block-image size-large\"><img loading=\"lazy\" decoding=\"async\" width=\"1024\" height=\"1003\" data-id=\"70\" src=\"https:\/\/paulinepolka.com\/wp-content\/uploads\/2025\/05\/Capture-decran-10-1024x1003.png\" alt=\"\" class=\"wp-image-70\" style=\"aspect-ratio:1;object-fit:cover\" srcset=\"https:\/\/paulinepolka.com\/wp-content\/uploads\/2025\/05\/Capture-decran-10-1024x1003.png 1024w, https:\/\/paulinepolka.com\/wp-content\/uploads\/2025\/05\/Capture-decran-10-300x294.png 300w, https:\/\/paulinepolka.com\/wp-content\/uploads\/2025\/05\/Capture-decran-10-768x752.png 768w, https:\/\/paulinepolka.com\/wp-content\/uploads\/2025\/05\/Capture-decran-10.png 1103w\" sizes=\"auto, (max-width: 1024px) 100vw, 1024px\" \/><\/figure>\n<\/figure>\n\n\n\n<div class=\"wp-block-columns alignwide are-vertically-aligned-bottom is-layout-flex wp-container-core-columns-is-layout-66fad18a wp-block-columns-is-layout-flex\">\n<div class=\"wp-block-column is-vertically-aligned-bottom is-layout-flow wp-block-column-is-layout-flow\" style=\"padding-right:0;padding-left:0;flex-basis:50%\">\n<div class=\"wp-block-group is-vertical is-layout-flex wp-container-core-group-is-layout-fe9cc265 wp-block-group-is-layout-flex\">\n<h2 class=\"wp-block-heading is-style-text-annotation is-style-text-annotation--4\">\u00c0 propos<\/h2>\n<\/div>\n\n\n\n<p class=\"is-style-text-subtitle is-style-text-subtitle--5\">Cette Balade musicale est une balade dans l&rsquo; existence, un regard en \u00e9clat, un vent chaud qui pousse le vent froid&#8230; <\/p>\n\n\n\n<p class=\"is-style-text-subtitle is-style-text-subtitle--6\">Elle transcende m\u00eame les saisons pour un ailleurs&#8230;<\/p>\n<\/div>\n\n\n\n<div class=\"wp-block-column is-vertically-aligned-bottom is-layout-flow wp-block-column-is-layout-flow\" style=\"padding-right:var(--wp--preset--spacing--50);flex-basis:45%\">\n<div class=\"wp-block-group has-global-padding is-layout-constrained wp-block-group-is-layout-constrained\" style=\"margin-top:-12vw\"><\/div>\n\n\n\n<figure class=\"wp-block-gallery has-nested-images columns-default is-cropped wp-block-gallery-7 is-layout-flex wp-block-gallery-is-layout-flex\"><\/figure>\n<\/div>\n\n\n\n<div class=\"wp-block-column is-vertically-aligned-bottom is-layout-flow wp-block-column-is-layout-flow\"><\/div>\n<\/div>\n<\/div>\n\n\n\n<aside class=\"wp-block-group alignfull is-style-section-3 has-global-padding is-layout-constrained wp-container-core-group-is-layout-f0f2a97b wp-block-group-is-layout-constrained is-style-section-3--8\" style=\"margin-top:0;margin-bottom:0;padding-top:var(--wp--preset--spacing--50);padding-right:var(--wp--preset--spacing--50);padding-bottom:var(--wp--preset--spacing--50);padding-left:var(--wp--preset--spacing--50)\">\n<div class=\"wp-block-group is-vertical is-content-justification-center is-layout-flex wp-container-core-group-is-layout-8778ca4a wp-block-group-is-layout-flex\" style=\"min-height:360px;margin-top:0;margin-bottom:0\">\n<h2 class=\"wp-block-heading has-text-align-center has-xx-large-font-size\">Inscrivez-vous pour recevoir les prochaines dates de concerts et expositions<\/h2>\n\n\n\n<div style=\"height:0px\" aria-hidden=\"true\" class=\"wp-block-spacer wp-container-content-62aae154\"><\/div>\n\n\n\n<div class=\"wp-block-buttons is-content-justification-center is-layout-flex wp-container-core-buttons-is-layout-a89b3969 wp-block-buttons-is-layout-flex\">\n<div class=\"wp-block-button\"><a class=\"wp-block-button__link has-text-align-center wp-element-button\" href=\"pauline.po@free.fr\">pauline.po@free.fr<\/a><\/div>\n<\/div>\n<\/div>\n<\/aside>\n","protected":false},"excerpt":{"rendered":"<p>\u00ab\u00a0Travers\u00e9e de 4 saisons\u00a0\u00bb dur\u00e9e 75mn Tout comme les fleurs qui \u00e9closent dans des moments inattendus, chaque chanson avec un conte du monde de saison voient se d\u00e9ployer avec beaut\u00e9 les tr\u00e9sors d&rsquo;imaginations Et puis apr\u00e8s on part pour un ailleurs, hors saison ! on vous emm\u00e8ne? \u00c0 propos Cette Balade musicale est une balade [&hellip;]<\/p>\n","protected":false},"author":1,"featured_media":0,"parent":0,"menu_order":0,"comment_status":"closed","ping_status":"closed","template":"","meta":{"footnotes":""},"class_list":["post-63","page","type-page","status-publish","hentry"],"_links":{"self":[{"href":"https:\/\/paulinepolka.com\/index.php?rest_route=\/wp\/v2\/pages\/63","targetHints":{"allow":["GET"]}}],"collection":[{"href":"https:\/\/paulinepolka.com\/index.php?rest_route=\/wp\/v2\/pages"}],"about":[{"href":"https:\/\/paulinepolka.com\/index.php?rest_route=\/wp\/v2\/types\/page"}],"author":[{"embeddable":true,"href":"https:\/\/paulinepolka.com\/index.php?rest_route=\/wp\/v2\/users\/1"}],"replies":[{"embeddable":true,"href":"https:\/\/paulinepolka.com\/index.php?rest_route=%2Fwp%2Fv2%2Fcomments&post=63"}],"version-history":[{"count":22,"href":"https:\/\/paulinepolka.com\/index.php?rest_route=\/wp\/v2\/pages\/63\/revisions"}],"predecessor-version":[{"id":531,"href":"https:\/\/paulinepolka.com\/index.php?rest_route=\/wp\/v2\/pages\/63\/revisions\/531"}],"wp:attachment":[{"href":"https:\/\/paulinepolka.com\/index.php?rest_route=%2Fwp%2Fv2%2Fmedia&parent=63"}],"curies":[{"name":"wp","href":"https:\/\/api.w.org\/{rel}","templated":true}]}}