{"id":51,"date":"2025-05-29T16:10:52","date_gmt":"2025-05-29T16:10:52","guid":{"rendered":"https:\/\/paulinepolka.com\/?page_id=51"},"modified":"2026-02-26T17:36:11","modified_gmt":"2026-02-26T17:36:11","slug":"les-12-contes-de-midi","status":"publish","type":"page","link":"https:\/\/paulinepolka.com\/?page_id=51","title":{"rendered":"\u00ab\u00a0Les 12 contes de midi\u00a0\u00bb"},"content":{"rendered":"\n<figure class=\"wp-block-image size-large\"><img loading=\"lazy\" decoding=\"async\" width=\"541\" height=\"721\" src=\"https:\/\/paulinepolka.com\/wp-content\/uploads\/2026\/02\/IMG-20260119-WA0001-edited.jpg\" alt=\"\" class=\"wp-image-501\" srcset=\"https:\/\/paulinepolka.com\/wp-content\/uploads\/2026\/02\/IMG-20260119-WA0001-edited.jpg 541w, https:\/\/paulinepolka.com\/wp-content\/uploads\/2026\/02\/IMG-20260119-WA0001-edited-225x300.jpg 225w\" sizes=\"auto, (max-width: 541px) 100vw, 541px\" \/><\/figure>\n\n\n\n<div class=\"wp-block-group alignfull is-style-section-2 has-global-padding is-layout-constrained wp-block-group-is-layout-constrained is-style-section-2--1\" style=\"margin-top:0;margin-bottom:0;padding-top:var(--wp--preset--spacing--60);padding-bottom:var(--wp--preset--spacing--60)\">\n<div class=\"wp-block-columns alignwide is-layout-flex wp-container-core-columns-is-layout-643ced6b wp-block-columns-is-layout-flex\">\n<div class=\"wp-block-column is-layout-flow wp-block-column-is-layout-flow\" style=\"flex-basis:40%\">\n<figure class=\"wp-block-image size-large\"><img loading=\"lazy\" decoding=\"async\" width=\"996\" height=\"1024\" src=\"https:\/\/paulinepolka.com\/wp-content\/uploads\/2025\/05\/logo-12contes-page-001-996x1024.jpg\" alt=\"\" class=\"wp-image-52\" srcset=\"https:\/\/paulinepolka.com\/wp-content\/uploads\/2025\/05\/logo-12contes-page-001-996x1024.jpg 996w, https:\/\/paulinepolka.com\/wp-content\/uploads\/2025\/05\/logo-12contes-page-001-292x300.jpg 292w, https:\/\/paulinepolka.com\/wp-content\/uploads\/2025\/05\/logo-12contes-page-001-768x789.jpg 768w, https:\/\/paulinepolka.com\/wp-content\/uploads\/2025\/05\/logo-12contes-page-001.jpg 1157w\" sizes=\"auto, (max-width: 996px) 100vw, 996px\" \/><\/figure>\n<\/div>\n\n\n\n<div class=\"wp-block-column is-vertically-aligned-center is-layout-flow wp-container-core-column-is-layout-119bc444 wp-block-column-is-layout-flow\" style=\"flex-basis:60%\">\n<h2 class=\"wp-block-heading has-xx-large-font-size\">\u00ab\u00a0Les contes de tradition orale sont \u00e0 l&rsquo;honneur\u00a0\u00bb<\/h2>\n\n\n\n<p>Raconter, lire un conte populaire donne vie \u00e0 l\u2019histoire humaine, la rendant intemporelle, accessible et captivante. Souvent inspir\u00e9s des Ecritures, ces contes sont une ouverture pour la conscience. Je les ai r\u00e9\u00e9crits pour laisser une trace \u00ab\u00a0du bouche \u00e0 oreille\u00a0\u00bb qu&rsquo;ils ne se perdent pas et repartent \u00e0 l&rsquo;orale.<\/p>\n\n\n\n<div class=\"wp-block-group is-vertical is-layout-flex wp-container-core-group-is-layout-41e20069 wp-block-group-is-layout-flex\">\n<h3 class=\"wp-block-heading has-small-font-size\" style=\"font-style:normal;font-weight:600;letter-spacing:1px;text-transform:uppercase\">Abonnez-vous sur votre plateforme pr\u00e9f\u00e9r\u00e9e<\/h3>\n\n\n\n<div class=\"wp-block-group is-layout-flex wp-block-group-is-layout-flex\">\n<p class=\"is-style-text-annotation is-style-text-annotation--2\"><a href=\"https:\/\/youtu.be\/MBfBqInOaGk\">YouTube<\/a><\/p>\n\n\n\n<p class=\"is-style-text-annotation is-style-text-annotation--3\"><a href=\"#\">Apple Podcasts<\/a><\/p>\n\n\n\n<p class=\"is-style-text-annotation is-style-text-annotation--4\"><a href=\"#\">Spotify<\/a><\/p>\n\n\n\n<p class=\"is-style-text-annotation is-style-text-annotation--5\"><a href=\"#\">Pocket Casts<\/a><\/p>\n\n\n\n<p class=\"is-style-text-annotation is-style-text-annotation--6\"><a href=\"#\">RSS<\/a><\/p>\n<\/div>\n<\/div>\n<\/div>\n<\/div>\n<\/div>\n\n\n\n<div class=\"wp-block-group alignfull is-style-section-1 has-global-padding is-layout-constrained wp-block-group-is-layout-constrained is-style-section-1--7\" style=\"margin-top:0;margin-bottom:0;padding-top:var(--wp--preset--spacing--80);padding-bottom:var(--wp--preset--spacing--80)\">\n<h2 class=\"wp-block-heading has-text-align-center\">\u00ab&nbsp;12 Contes traditionnels du monde r\u00e9\u00e9crits dans un contexte de peintures avec des espaces pour dessiner <\/h2>\n\n\n\n<p class=\"has-text-align-center\">Sponsoris\u00e9 par l&rsquo;Harmattan\u00a0\u00bb<\/p>\n\n\n\n<div style=\"height:var(--wp--preset--spacing--30)\" aria-hidden=\"true\" class=\"wp-block-spacer\"><\/div>\n\n\n\n<div class=\"wp-block-group alignwide is-content-justification-center is-layout-flex wp-container-core-group-is-layout-2c471116 wp-block-group-is-layout-flex\">\n<figure class=\"wp-block-image size-large is-resized\"><img loading=\"lazy\" decoding=\"async\" width=\"1024\" height=\"762\" src=\"https:\/\/paulinepolka.com\/wp-content\/uploads\/2025\/05\/CV_Emoune_BAT-1-1024x762.jpg\" alt=\"\" class=\"wp-image-55\" style=\"aspect-ratio:4\/3;object-fit:contain;width:150px\" srcset=\"https:\/\/paulinepolka.com\/wp-content\/uploads\/2025\/05\/CV_Emoune_BAT-1-1024x762.jpg 1024w, https:\/\/paulinepolka.com\/wp-content\/uploads\/2025\/05\/CV_Emoune_BAT-1-300x223.jpg 300w, https:\/\/paulinepolka.com\/wp-content\/uploads\/2025\/05\/CV_Emoune_BAT-1-768x571.jpg 768w, https:\/\/paulinepolka.com\/wp-content\/uploads\/2025\/05\/CV_Emoune_BAT-1-1536x1143.jpg 1536w, https:\/\/paulinepolka.com\/wp-content\/uploads\/2025\/05\/CV_Emoune_BAT-1.jpg 1984w\" sizes=\"auto, (max-width: 1024px) 100vw, 1024px\" \/><\/figure>\n\n\n\n<figure class=\"wp-block-image size-large is-resized\"><img loading=\"lazy\" decoding=\"async\" width=\"1024\" height=\"762\" src=\"https:\/\/paulinepolka.com\/wp-content\/uploads\/2025\/05\/CV_La_souris_et_le_lama_BAT_2-1024x762.jpg\" alt=\"\" class=\"wp-image-56\" style=\"aspect-ratio:4\/3;object-fit:contain;width:150px\" srcset=\"https:\/\/paulinepolka.com\/wp-content\/uploads\/2025\/05\/CV_La_souris_et_le_lama_BAT_2-1024x762.jpg 1024w, https:\/\/paulinepolka.com\/wp-content\/uploads\/2025\/05\/CV_La_souris_et_le_lama_BAT_2-300x223.jpg 300w, https:\/\/paulinepolka.com\/wp-content\/uploads\/2025\/05\/CV_La_souris_et_le_lama_BAT_2-768x571.jpg 768w, https:\/\/paulinepolka.com\/wp-content\/uploads\/2025\/05\/CV_La_souris_et_le_lama_BAT_2-1536x1143.jpg 1536w, https:\/\/paulinepolka.com\/wp-content\/uploads\/2025\/05\/CV_La_souris_et_le_lama_BAT_2.jpg 1984w\" sizes=\"auto, (max-width: 1024px) 100vw, 1024px\" \/><\/figure>\n\n\n\n<figure class=\"wp-block-image size-large is-resized\"><img loading=\"lazy\" decoding=\"async\" width=\"1024\" height=\"762\" src=\"https:\/\/paulinepolka.com\/wp-content\/uploads\/2025\/05\/CV_Les_fils_desunis_BAT_2-1024x762.jpg\" alt=\"\" class=\"wp-image-57\" style=\"aspect-ratio:4\/3;object-fit:contain;width:150px\" srcset=\"https:\/\/paulinepolka.com\/wp-content\/uploads\/2025\/05\/CV_Les_fils_desunis_BAT_2-1024x762.jpg 1024w, https:\/\/paulinepolka.com\/wp-content\/uploads\/2025\/05\/CV_Les_fils_desunis_BAT_2-300x223.jpg 300w, https:\/\/paulinepolka.com\/wp-content\/uploads\/2025\/05\/CV_Les_fils_desunis_BAT_2-768x571.jpg 768w, https:\/\/paulinepolka.com\/wp-content\/uploads\/2025\/05\/CV_Les_fils_desunis_BAT_2-1536x1143.jpg 1536w, https:\/\/paulinepolka.com\/wp-content\/uploads\/2025\/05\/CV_Les_fils_desunis_BAT_2.jpg 1984w\" sizes=\"auto, (max-width: 1024px) 100vw, 1024px\" \/><\/figure>\n\n\n\n<figure class=\"wp-block-image size-large is-resized\"><img loading=\"lazy\" decoding=\"async\" width=\"1024\" height=\"762\" src=\"https:\/\/paulinepolka.com\/wp-content\/uploads\/2025\/05\/CV_Todie_la_ruse_BAT_12-1024x762.jpg\" alt=\"\" class=\"wp-image-58\" style=\"aspect-ratio:4\/3;object-fit:contain;width:150px\" srcset=\"https:\/\/paulinepolka.com\/wp-content\/uploads\/2025\/05\/CV_Todie_la_ruse_BAT_12-1024x762.jpg 1024w, https:\/\/paulinepolka.com\/wp-content\/uploads\/2025\/05\/CV_Todie_la_ruse_BAT_12-300x223.jpg 300w, https:\/\/paulinepolka.com\/wp-content\/uploads\/2025\/05\/CV_Todie_la_ruse_BAT_12-768x571.jpg 768w, https:\/\/paulinepolka.com\/wp-content\/uploads\/2025\/05\/CV_Todie_la_ruse_BAT_12-1536x1143.jpg 1536w, https:\/\/paulinepolka.com\/wp-content\/uploads\/2025\/05\/CV_Todie_la_ruse_BAT_12.jpg 1984w\" sizes=\"auto, (max-width: 1024px) 100vw, 1024px\" \/><\/figure>\n\n\n\n<figure class=\"wp-block-image size-large is-resized\"><img loading=\"lazy\" decoding=\"async\" width=\"1024\" height=\"726\" src=\"https:\/\/paulinepolka.com\/wp-content\/uploads\/2025\/05\/1er-conte-du-monde-de-la-collection-les-12-contes-de-midi-1024x726.jpg\" alt=\"\" class=\"wp-image-60\" style=\"aspect-ratio:4\/3;object-fit:contain;width:150px\" srcset=\"https:\/\/paulinepolka.com\/wp-content\/uploads\/2025\/05\/1er-conte-du-monde-de-la-collection-les-12-contes-de-midi-1024x726.jpg 1024w, https:\/\/paulinepolka.com\/wp-content\/uploads\/2025\/05\/1er-conte-du-monde-de-la-collection-les-12-contes-de-midi-300x213.jpg 300w, https:\/\/paulinepolka.com\/wp-content\/uploads\/2025\/05\/1er-conte-du-monde-de-la-collection-les-12-contes-de-midi-768x545.jpg 768w, https:\/\/paulinepolka.com\/wp-content\/uploads\/2025\/05\/1er-conte-du-monde-de-la-collection-les-12-contes-de-midi-1536x1090.jpg 1536w, https:\/\/paulinepolka.com\/wp-content\/uploads\/2025\/05\/1er-conte-du-monde-de-la-collection-les-12-contes-de-midi-2048x1453.jpg 2048w\" sizes=\"auto, (max-width: 1024px) 100vw, 1024px\" \/><\/figure>\n<\/div>\n<\/div>\n\n\n\n<div class=\"wp-block-group alignfull is-style-section-5 has-global-padding is-layout-constrained wp-block-group-is-layout-constrained is-style-section-5--8\" style=\"margin-top:0;margin-bottom:0;padding-top:var(--wp--preset--spacing--50);padding-bottom:var(--wp--preset--spacing--50)\">\n<div class=\"wp-block-columns alignwide is-layout-flex wp-container-core-columns-is-layout-7ee84d44 wp-block-columns-is-layout-flex\">\n<div class=\"wp-block-column is-layout-flow wp-block-column-is-layout-flow\" style=\"flex-basis:50%\">\n<p class=\"has-text-align-center\">Exposition-Musique-Contes du monde<\/p>\n\n\n\n<h1 class=\"wp-block-heading has-text-align-center\">Ev\u00e8nements<\/h1>\n\n\n\n<p class=\"has-text-align-center\"><strong><em>\u00ab\u00a0Travers\u00e9e de 4 saisons\u00a0\u00bb <\/em><\/strong><\/p>\n\n\n\n<p class=\"has-text-align-center has-medium-font-size\">Les 12 contes du monde suivent les expositions avec 3 contes par saison et inspirent des ateliers en arts plastiques.<\/p>\n\n\n\n<div class=\"wp-block-columns is-layout-flex wp-container-core-columns-is-layout-28f84493 wp-block-columns-is-layout-flex\">\n<div class=\"wp-block-column is-layout-flow wp-block-column-is-layout-flow\"><\/div>\n\n\n\n<div class=\"wp-block-column is-layout-flow wp-block-column-is-layout-flow\"><\/div>\n<\/div>\n<\/div>\n<\/div>\n<\/div>\n\n\n\n<div class=\"wp-block-group alignfull has-global-padding is-layout-constrained wp-container-core-group-is-layout-ebee8dc1 wp-block-group-is-layout-constrained\" style=\"margin-top:0;margin-bottom:0;padding-top:var(--wp--preset--spacing--50);padding-bottom:var(--wp--preset--spacing--50)\">\n<div class=\"wp-block-group alignwide is-content-justification-space-between is-layout-flex wp-container-core-group-is-layout-9366075c wp-block-group-is-layout-flex\">\n<h2 class=\"wp-block-heading alignwide has-text-align-left is-style-text-subtitle has-x-large-font-size is-style-text-subtitle--9\">Ecouter les contes n\u00b05 \u00ab\u00a0L&rsquo;Envol\u00a0\u00bb et n\u00b02 \u00a0\u00bb Emoune\u00a0\u00bb en Podcast<\/h2>\n<\/div>\n\n\n\n<div class=\"wp-block-group alignwide is-layout-grid wp-container-core-group-is-layout-1ce758a5 wp-block-group-is-layout-grid\">\n<figure class=\"wp-block-embed is-type-video is-provider-youtube wp-block-embed-youtube wp-embed-aspect-16-9 wp-has-aspect-ratio\"><div class=\"wp-block-embed__wrapper\">\n<iframe loading=\"lazy\" title=\"L&#039;ENVOL   Pauline Polka\" width=\"500\" height=\"281\" src=\"https:\/\/www.youtube.com\/embed\/MBfBqInOaGk?feature=oembed\" frameborder=\"0\" allow=\"accelerometer; autoplay; clipboard-write; encrypted-media; gyroscope; picture-in-picture; web-share\" referrerpolicy=\"strict-origin-when-cross-origin\" allowfullscreen><\/iframe>\n<\/div><\/figure>\n\n\n\n<figure class=\"wp-block-embed is-type-video is-provider-youtube wp-block-embed-youtube wp-embed-aspect-16-9 wp-has-aspect-ratio\"><div class=\"wp-block-embed__wrapper\">\n<iframe loading=\"lazy\" title=\"LES CONTES DE PAULINE POLKA\" width=\"500\" height=\"281\" src=\"https:\/\/www.youtube.com\/embed\/fWrcai5tOXQ?feature=oembed\" frameborder=\"0\" allow=\"accelerometer; autoplay; clipboard-write; encrypted-media; gyroscope; picture-in-picture; web-share\" referrerpolicy=\"strict-origin-when-cross-origin\" allowfullscreen><\/iframe>\n<\/div><\/figure>\n\n\n\n<figure class=\"wp-block-video\"><\/figure>\n\n\n\n<figure class=\"wp-block-video\"><\/figure>\n<\/div>\n<\/div>\n\n\n\n<aside class=\"wp-block-group alignfull is-style-section-3 has-global-padding is-layout-constrained wp-container-core-group-is-layout-f0f2a97b wp-block-group-is-layout-constrained is-style-section-3--10\" style=\"margin-top:0;margin-bottom:0;padding-top:var(--wp--preset--spacing--50);padding-right:var(--wp--preset--spacing--50);padding-bottom:var(--wp--preset--spacing--50);padding-left:var(--wp--preset--spacing--50)\">\n<div class=\"wp-block-group is-vertical is-content-justification-center is-layout-flex wp-container-core-group-is-layout-8778ca4a wp-block-group-is-layout-flex\" style=\"min-height:360px;margin-top:0;margin-bottom:0\">\n<h2 class=\"wp-block-heading has-text-align-center has-xx-large-font-size\"> pour recevoir les prochaines dates des \u00e9v\u00e8nements artistiques  <\/h2>\n\n\n\n<p class=\"has-text-align-center\">et lieux de vente des contes, laissez-nous  un lien \u00e0 l&rsquo;adresse suivante&#8230;<\/p>\n\n\n\n<div class=\"wp-block-buttons is-content-justification-center is-layout-flex wp-container-core-buttons-is-layout-a89b3969 wp-block-buttons-is-layout-flex\">\n<div class=\"wp-block-button\"><a class=\"wp-block-button__link wp-element-button\">pauline.po@free.fr<\/a><\/div>\n<\/div>\n<\/div>\n<\/aside>\n","protected":false},"excerpt":{"rendered":"<p>\u00ab\u00a0Les contes de tradition orale sont \u00e0 l&rsquo;honneur\u00a0\u00bb Raconter, lire un conte populaire donne vie \u00e0 l\u2019histoire humaine, la rendant intemporelle, accessible et captivante. Souvent inspir\u00e9s des Ecritures, ces contes sont une ouverture pour la conscience. Je les ai r\u00e9\u00e9crits pour laisser une trace \u00ab\u00a0du bouche \u00e0 oreille\u00a0\u00bb qu&rsquo;ils ne se perdent pas et repartent [&hellip;]<\/p>\n","protected":false},"author":1,"featured_media":0,"parent":0,"menu_order":2,"comment_status":"closed","ping_status":"closed","template":"","meta":{"footnotes":""},"class_list":["post-51","page","type-page","status-publish","hentry"],"_links":{"self":[{"href":"https:\/\/paulinepolka.com\/index.php?rest_route=\/wp\/v2\/pages\/51","targetHints":{"allow":["GET"]}}],"collection":[{"href":"https:\/\/paulinepolka.com\/index.php?rest_route=\/wp\/v2\/pages"}],"about":[{"href":"https:\/\/paulinepolka.com\/index.php?rest_route=\/wp\/v2\/types\/page"}],"author":[{"embeddable":true,"href":"https:\/\/paulinepolka.com\/index.php?rest_route=\/wp\/v2\/users\/1"}],"replies":[{"embeddable":true,"href":"https:\/\/paulinepolka.com\/index.php?rest_route=%2Fwp%2Fv2%2Fcomments&post=51"}],"version-history":[{"count":25,"href":"https:\/\/paulinepolka.com\/index.php?rest_route=\/wp\/v2\/pages\/51\/revisions"}],"predecessor-version":[{"id":505,"href":"https:\/\/paulinepolka.com\/index.php?rest_route=\/wp\/v2\/pages\/51\/revisions\/505"}],"wp:attachment":[{"href":"https:\/\/paulinepolka.com\/index.php?rest_route=%2Fwp%2Fv2%2Fmedia&parent=51"}],"curies":[{"name":"wp","href":"https:\/\/api.w.org\/{rel}","templated":true}]}}