{"id":318,"date":"2026-01-11T14:04:15","date_gmt":"2026-01-11T14:04:15","guid":{"rendered":"https:\/\/paulinepolka.com\/?page_id=318"},"modified":"2026-04-02T06:32:54","modified_gmt":"2026-04-02T06:32:54","slug":"oasis-une-actualite-inspirantes","status":"publish","type":"page","link":"https:\/\/paulinepolka.com\/?page_id=318","title":{"rendered":"OASIS"},"content":{"rendered":"\n<p><em><strong>Une actualit\u00e9 inspirante branch\u00e9e m\u00e9taphysique<\/strong><\/em><\/p>\n\n\n\n<figure class=\"wp-block-image aligncenter size-full\"><img loading=\"lazy\" decoding=\"async\" width=\"720\" height=\"960\" src=\"https:\/\/paulinepolka.com\/wp-content\/uploads\/2026\/01\/photo-soleil-4.jpg\" alt=\"\" class=\"wp-image-436\" srcset=\"https:\/\/paulinepolka.com\/wp-content\/uploads\/2026\/01\/photo-soleil-4.jpg 720w, https:\/\/paulinepolka.com\/wp-content\/uploads\/2026\/01\/photo-soleil-4-225x300.jpg 225w\" sizes=\"auto, (max-width: 720px) 100vw, 720px\" \/><figcaption class=\"wp-element-caption\"><strong>\u00ab\u00a0<em>Un rythme qui &nbsp;pulse \u00e0 l\u2019int\u00e9rieur de nous-m\u00eame \u00e0 synchroniser<\/em> <em>avec la Vi<\/em>e\u00a0\u00bb<\/strong><\/figcaption><\/figure>\n\n\n\n<figure class=\"wp-block-image size-large\"><img loading=\"lazy\" decoding=\"async\" width=\"724\" height=\"1024\" src=\"https:\/\/paulinepolka.com\/wp-content\/uploads\/2026\/04\/fleur-de-la-paix2-724x1024.jpeg\" alt=\"\" class=\"wp-image-532\" srcset=\"https:\/\/paulinepolka.com\/wp-content\/uploads\/2026\/04\/fleur-de-la-paix2-724x1024.jpeg 724w, https:\/\/paulinepolka.com\/wp-content\/uploads\/2026\/04\/fleur-de-la-paix2-212x300.jpeg 212w, https:\/\/paulinepolka.com\/wp-content\/uploads\/2026\/04\/fleur-de-la-paix2-768x1086.jpeg 768w, https:\/\/paulinepolka.com\/wp-content\/uploads\/2026\/04\/fleur-de-la-paix2-1086x1536.jpeg 1086w, https:\/\/paulinepolka.com\/wp-content\/uploads\/2026\/04\/fleur-de-la-paix2-1448x2048.jpeg 1448w, https:\/\/paulinepolka.com\/wp-content\/uploads\/2026\/04\/fleur-de-la-paix2.jpeg 1654w\" sizes=\"auto, (max-width: 724px) 100vw, 724px\" \/><\/figure>\n\n\n\n<p class=\"has-text-align-center\"><a href=\"https:\/\/www.bing.com\/ck\/a?!&amp;&amp;p=8ae3f540ef4571142b6876f7f6e8ef4011b0a8f6d4bd0e3cc163217285e81392JmltdHM9MTc3NDQ4MzIwMA&amp;ptn=3&amp;ver=2&amp;hsh=4&amp;fclid=09ac693b-f50f-65d4-0641-7fbcf4cc6420&amp;psq=symbole+de+la+grue&amp;u=a1aHR0cHM6Ly93d3cuc3ltYm9saXF1ZXMuZnIvc3ltYm9saXF1ZS1ncnVl&amp;ntb=1\" target=\"_blank\" rel=\"noreferrer noopener\"><strong><em>La&nbsp;grue&nbsp;est&nbsp;souvent&nbsp;per\u00e7ue&nbsp;comme&nbsp;un&nbsp;oiseau&nbsp;<\/em><\/strong><\/a><\/p>\n\n\n\n<p class=\"has-text-align-center\"><a href=\"https:\/\/www.bing.com\/ck\/a?!&amp;&amp;p=8ae3f540ef4571142b6876f7f6e8ef4011b0a8f6d4bd0e3cc163217285e81392JmltdHM9MTc3NDQ4MzIwMA&amp;ptn=3&amp;ver=2&amp;hsh=4&amp;fclid=09ac693b-f50f-65d4-0641-7fbcf4cc6420&amp;psq=symbole+de+la+grue&amp;u=a1aHR0cHM6Ly93d3cuc3ltYm9saXF1ZXMuZnIvc3ltYm9saXF1ZS1ncnVl&amp;ntb=1\" target=\"_blank\" rel=\"noreferrer noopener\"><strong><em>majestueux&nbsp;et&nbsp;\u00e9l\u00e9gant, repr\u00e9sentant&nbsp;l\u2019\u00e9quilibre&nbsp;entre&nbsp;ciel&nbsp;et&nbsp;terre,&nbsp;<\/em><\/strong><\/a><\/p>\n\n\n\n<p class=\"has-text-align-center\"><strong><a href=\"https:\/\/www.bing.com\/ck\/a?!&amp;&amp;p=8ae3f540ef4571142b6876f7f6e8ef4011b0a8f6d4bd0e3cc163217285e81392JmltdHM9MTc3NDQ4MzIwMA&amp;ptn=3&amp;ver=2&amp;hsh=4&amp;fclid=09ac693b-f50f-65d4-0641-7fbcf4cc6420&amp;psq=symbole+de+la+grue&amp;u=a1aHR0cHM6Ly93d3cuc3ltYm9saXF1ZXMuZnIvc3ltYm9saXF1ZS1ncnVl&amp;ntb=1\" target=\"_blank\" rel=\"noreferrer noopener\"><em>la&nbsp;patience&nbsp;et&nbsp;la&nbsp;force tranquille.<\/em><\/a>..<\/strong><\/p>\n\n\n\n<p class=\"has-text-align-center\">\u00b0\u00b0\u00b0\u00b0\u00b0\u00b0\u00b0\u00b0\u00b0\u00b0\u00b0\u00b0\u00b0\u00b0\u00b0\u00b0\u00b0\u00b0\u00b0\u00b0\u00b0\u00b0\u00b0\u00b0\u00b0\u00b0\u00b0\u00b0\u00b0\u00b0<\/p>\n\n\n\n<figure class=\"wp-block-image alignwide size-large\"><img loading=\"lazy\" decoding=\"async\" width=\"724\" height=\"1024\" src=\"https:\/\/paulinepolka.com\/wp-content\/uploads\/2026\/03\/Grues-page-001-724x1024.jpg\" alt=\"\" class=\"wp-image-514\" srcset=\"https:\/\/paulinepolka.com\/wp-content\/uploads\/2026\/03\/Grues-page-001-724x1024.jpg 724w, https:\/\/paulinepolka.com\/wp-content\/uploads\/2026\/03\/Grues-page-001-212x300.jpg 212w, https:\/\/paulinepolka.com\/wp-content\/uploads\/2026\/03\/Grues-page-001-768x1086.jpg 768w, https:\/\/paulinepolka.com\/wp-content\/uploads\/2026\/03\/Grues-page-001-1086x1536.jpg 1086w, https:\/\/paulinepolka.com\/wp-content\/uploads\/2026\/03\/Grues-page-001-1448x2048.jpg 1448w, https:\/\/paulinepolka.com\/wp-content\/uploads\/2026\/03\/Grues-page-001-scaled.jpg 1811w\" sizes=\"auto, (max-width: 724px) 100vw, 724px\" \/><figcaption class=\"wp-element-caption\">Dominique de Paris<\/figcaption><\/figure>\n\n\n\n<figure class=\"wp-block-image size-large\"><img loading=\"lazy\" decoding=\"async\" width=\"724\" height=\"1024\" src=\"https:\/\/paulinepolka.com\/wp-content\/uploads\/2026\/03\/Ubuntu-article-Dominique-page-001-724x1024.jpg\" alt=\"\" class=\"wp-image-509\" srcset=\"https:\/\/paulinepolka.com\/wp-content\/uploads\/2026\/03\/Ubuntu-article-Dominique-page-001-724x1024.jpg 724w, https:\/\/paulinepolka.com\/wp-content\/uploads\/2026\/03\/Ubuntu-article-Dominique-page-001-212x300.jpg 212w, https:\/\/paulinepolka.com\/wp-content\/uploads\/2026\/03\/Ubuntu-article-Dominique-page-001-768x1086.jpg 768w, https:\/\/paulinepolka.com\/wp-content\/uploads\/2026\/03\/Ubuntu-article-Dominique-page-001-1086x1536.jpg 1086w, https:\/\/paulinepolka.com\/wp-content\/uploads\/2026\/03\/Ubuntu-article-Dominique-page-001-1448x2048.jpg 1448w, https:\/\/paulinepolka.com\/wp-content\/uploads\/2026\/03\/Ubuntu-article-Dominique-page-001-scaled.jpg 1811w\" sizes=\"auto, (max-width: 724px) 100vw, 724px\" \/><\/figure>\n\n\n\n<p>Dominique de Paris<\/p>\n\n\n\n<p class=\"has-text-align-center\">\u00b0\u00b0\u00b0\u00b0\u00b0\u00b0\u00b0\u00b0\u00b0\u00b0\u00b0\u00b0\u00b0\u00b0\u00b0\u00b0\u00b0\u00b0\u00b0\u00b0\u00b0\u00b0\u00b0\u00b0\u00b0\u00b0\u00b0\u00b0\u00b0<\/p>\n\n\n\n<p class=\"has-text-align-center\"><em><strong>\u00catre lent dans un monde agit\u00e9<\/strong><\/em><\/p>\n\n\n\n<figure class=\"wp-block-image size-full\"><img loading=\"lazy\" decoding=\"async\" width=\"320\" height=\"198\" src=\"https:\/\/paulinepolka.com\/wp-content\/uploads\/2026\/01\/paresseux-1.webp\" alt=\"\" class=\"wp-image-334\" srcset=\"https:\/\/paulinepolka.com\/wp-content\/uploads\/2026\/01\/paresseux-1.webp 320w, https:\/\/paulinepolka.com\/wp-content\/uploads\/2026\/01\/paresseux-1-300x186.webp 300w\" sizes=\"auto, (max-width: 320px) 100vw, 320px\" \/><\/figure>\n\n\n\n<p><em>Nous n\u2019 \u00e9tions pas nombreux mais les \u00e9changes m\u2019ont donn\u00e9 \u00e0 penser Je vous le partage.<\/em><\/p>\n\n\n\n<p><em>Il y a dans la lenteur un rythme \u00e0 retrouver une pulse \u00e0 l&rsquo;int\u00e9rieur de nous-m\u00eame \u00e0 synchroniser avec la Vie. La nature, toute r\u00e9alisation doit \u00e9tablir son temps: une abeille pour faire son miel, un fruit pour m\u00fbrir, un b\u00e9b\u00e9 pour na\u00eetre&#8230;&nbsp;<\/em><\/p>\n\n\n\n<p><em>Le Cr\u00e9ateur de l&rsquo;univers, la Vie, le grand Esprit, Allah ou Dieu ou encore Adona\u00ef&#8230; C\u2019est un souffle vivant qui bat dans notre c\u0153ur en plus de la simple pompe. A ce rythme et pour que le temps pour m\u00fbrir s \u00e9tablisse, \u00e0 nous l&rsquo;humilit\u00e9, la volont\u00e9 et la vigilance pour s&rsquo;accorder s&rsquo;harmoniser avec ce monde tellement beau!&nbsp;<\/em><\/p>\n\n\n\n<p><em>Finalement pas trop d\u2019 \u00e9loges \u00e0 la lenteur mais \u00e0 la gratitude \u00e0 la beaut\u00e9 de la vie et un peu de lenteur sonnerait mieux!&nbsp;<\/em><\/p>\n\n\n\n<p><em>Le lieu est chaleureux et offre un beau programme,&nbsp;<\/em><em>allez voir sur le site de l\u2019 Agora \u00e0 Porte d&rsquo;Orl\u00e9ans!&nbsp;<\/em><\/p>\n\n\n\n<p>Pauline de Paris<\/p>\n\n\n\n<p class=\"has-text-align-center\">\u00b0\u00b0\u00b0\u00b0\u00b0\u00b0\u00b0\u00b0\u00b0\u00b0\u00b0\u00b0\u00b0\u00b0\u00b0\u00b0\u00b0\u00b0\u00b0\u00b0\u00b0\u00b0\u00b0\u00b0\u00b0\u00b0\u00b0\u00b0<\/p>\n\n\n\n<hr class=\"wp-block-separator has-alpha-channel-opacity\"\/>\n\n\n\n<figure class=\"wp-block-image size-large\"><img loading=\"lazy\" decoding=\"async\" width=\"724\" height=\"1024\" src=\"https:\/\/paulinepolka.com\/wp-content\/uploads\/2026\/01\/La-Rose-de-Jericho-2026_page-0001-724x1024.jpg\" alt=\"\" class=\"wp-image-426\" srcset=\"https:\/\/paulinepolka.com\/wp-content\/uploads\/2026\/01\/La-Rose-de-Jericho-2026_page-0001-724x1024.jpg 724w, https:\/\/paulinepolka.com\/wp-content\/uploads\/2026\/01\/La-Rose-de-Jericho-2026_page-0001-212x300.jpg 212w, https:\/\/paulinepolka.com\/wp-content\/uploads\/2026\/01\/La-Rose-de-Jericho-2026_page-0001-768x1086.jpg 768w, https:\/\/paulinepolka.com\/wp-content\/uploads\/2026\/01\/La-Rose-de-Jericho-2026_page-0001-1086x1536.jpg 1086w, https:\/\/paulinepolka.com\/wp-content\/uploads\/2026\/01\/La-Rose-de-Jericho-2026_page-0001.jpg 1241w\" sizes=\"auto, (max-width: 724px) 100vw, 724px\" \/><\/figure>\n\n\n\n<p class=\"has-text-align-center\">\u00b0\u00b0\u00b0\u00b0\u00b0\u00b0\u00b0\u00b0\u00b0\u00b0\u00b0\u00b0\u00b0\u00b0\u00b0\u00b0\u00b0\u00b0\u00b0\u00b0\u00b0\u00b0\u00b0\u00b0\u00b0\u00b0\u00b0\u00b0<\/p>\n\n\n\n<figure class=\"wp-block-image size-large\"><img loading=\"lazy\" decoding=\"async\" width=\"791\" height=\"1024\" src=\"https:\/\/paulinepolka.com\/wp-content\/uploads\/2026\/01\/NEXUS-CINF-19DEC-page-001-1-791x1024.jpg\" alt=\"\" class=\"wp-image-427\" srcset=\"https:\/\/paulinepolka.com\/wp-content\/uploads\/2026\/01\/NEXUS-CINF-19DEC-page-001-1-791x1024.jpg 791w, https:\/\/paulinepolka.com\/wp-content\/uploads\/2026\/01\/NEXUS-CINF-19DEC-page-001-1-232x300.jpg 232w, https:\/\/paulinepolka.com\/wp-content\/uploads\/2026\/01\/NEXUS-CINF-19DEC-page-001-1-768x994.jpg 768w, https:\/\/paulinepolka.com\/wp-content\/uploads\/2026\/01\/NEXUS-CINF-19DEC-page-001-1-1187x1536.jpg 1187w, https:\/\/paulinepolka.com\/wp-content\/uploads\/2026\/01\/NEXUS-CINF-19DEC-page-001-1-1583x2048.jpg 1583w, https:\/\/paulinepolka.com\/wp-content\/uploads\/2026\/01\/NEXUS-CINF-19DEC-page-001-1-scaled.jpg 1978w\" sizes=\"auto, (max-width: 791px) 100vw, 791px\" \/><\/figure>\n\n\n\n<figure class=\"wp-block-image size-large\"><img loading=\"lazy\" decoding=\"async\" width=\"791\" height=\"1024\" src=\"https:\/\/paulinepolka.com\/wp-content\/uploads\/2026\/01\/NEXUS-CINF-19DEC_page-0002-791x1024.jpg\" alt=\"\" class=\"wp-image-440\" srcset=\"https:\/\/paulinepolka.com\/wp-content\/uploads\/2026\/01\/NEXUS-CINF-19DEC_page-0002-791x1024.jpg 791w, https:\/\/paulinepolka.com\/wp-content\/uploads\/2026\/01\/NEXUS-CINF-19DEC_page-0002-232x300.jpg 232w, https:\/\/paulinepolka.com\/wp-content\/uploads\/2026\/01\/NEXUS-CINF-19DEC_page-0002-768x994.jpg 768w, https:\/\/paulinepolka.com\/wp-content\/uploads\/2026\/01\/NEXUS-CINF-19DEC_page-0002-1187x1536.jpg 1187w, https:\/\/paulinepolka.com\/wp-content\/uploads\/2026\/01\/NEXUS-CINF-19DEC_page-0002.jpg 1275w\" sizes=\"auto, (max-width: 791px) 100vw, 791px\" \/><\/figure>\n\n\n\n<p><\/p>\n","protected":false},"excerpt":{"rendered":"<p>Une actualit\u00e9 inspirante branch\u00e9e m\u00e9taphysique La&nbsp;grue&nbsp;est&nbsp;souvent&nbsp;per\u00e7ue&nbsp;comme&nbsp;un&nbsp;oiseau&nbsp; majestueux&nbsp;et&nbsp;\u00e9l\u00e9gant, repr\u00e9sentant&nbsp;l\u2019\u00e9quilibre&nbsp;entre&nbsp;ciel&nbsp;et&nbsp;terre,&nbsp; la&nbsp;patience&nbsp;et&nbsp;la&nbsp;force tranquille&#8230; \u00b0\u00b0\u00b0\u00b0\u00b0\u00b0\u00b0\u00b0\u00b0\u00b0\u00b0\u00b0\u00b0\u00b0\u00b0\u00b0\u00b0\u00b0\u00b0\u00b0\u00b0\u00b0\u00b0\u00b0\u00b0\u00b0\u00b0\u00b0\u00b0\u00b0 Dominique de Paris \u00b0\u00b0\u00b0\u00b0\u00b0\u00b0\u00b0\u00b0\u00b0\u00b0\u00b0\u00b0\u00b0\u00b0\u00b0\u00b0\u00b0\u00b0\u00b0\u00b0\u00b0\u00b0\u00b0\u00b0\u00b0\u00b0\u00b0\u00b0\u00b0 \u00catre lent dans un monde agit\u00e9 Nous n\u2019 \u00e9tions pas nombreux mais les \u00e9changes m\u2019ont donn\u00e9 \u00e0 penser Je vous le partage. Il y a dans la lenteur un rythme \u00e0 retrouver une pulse \u00e0 l&rsquo;int\u00e9rieur de nous-m\u00eame \u00e0 synchroniser [&hellip;]<\/p>\n","protected":false},"author":1,"featured_media":0,"parent":0,"menu_order":0,"comment_status":"closed","ping_status":"closed","template":"","meta":{"footnotes":""},"class_list":["post-318","page","type-page","status-publish","hentry"],"_links":{"self":[{"href":"https:\/\/paulinepolka.com\/index.php?rest_route=\/wp\/v2\/pages\/318","targetHints":{"allow":["GET"]}}],"collection":[{"href":"https:\/\/paulinepolka.com\/index.php?rest_route=\/wp\/v2\/pages"}],"about":[{"href":"https:\/\/paulinepolka.com\/index.php?rest_route=\/wp\/v2\/types\/page"}],"author":[{"embeddable":true,"href":"https:\/\/paulinepolka.com\/index.php?rest_route=\/wp\/v2\/users\/1"}],"replies":[{"embeddable":true,"href":"https:\/\/paulinepolka.com\/index.php?rest_route=%2Fwp%2Fv2%2Fcomments&post=318"}],"version-history":[{"count":75,"href":"https:\/\/paulinepolka.com\/index.php?rest_route=\/wp\/v2\/pages\/318\/revisions"}],"predecessor-version":[{"id":533,"href":"https:\/\/paulinepolka.com\/index.php?rest_route=\/wp\/v2\/pages\/318\/revisions\/533"}],"wp:attachment":[{"href":"https:\/\/paulinepolka.com\/index.php?rest_route=%2Fwp%2Fv2%2Fmedia&parent=318"}],"curies":[{"name":"wp","href":"https:\/\/api.w.org\/{rel}","templated":true}]}}