{"id":23,"date":"2025-05-28T18:27:52","date_gmt":"2025-05-28T18:27:52","guid":{"rendered":"https:\/\/paulinepolka.com\/?page_id=23"},"modified":"2025-07-12T14:38:05","modified_gmt":"2025-07-12T14:38:05","slug":"peintures","status":"publish","type":"page","link":"https:\/\/paulinepolka.com\/?page_id=23","title":{"rendered":"Peinture"},"content":{"rendered":"\n<figure class=\"wp-block-gallery has-nested-images columns-default is-cropped wp-block-gallery-1 is-layout-flex wp-block-gallery-is-layout-flex\"><\/figure>\n\n\n\n<div class=\"wp-block-group alignfull has-global-padding is-layout-constrained wp-block-group-is-layout-constrained\" style=\"margin-top:0;margin-bottom:0;padding-top:var(--wp--preset--spacing--50);padding-bottom:var(--wp--preset--spacing--50)\">\n<figure class=\"wp-block-image size-full is-resized\"><img loading=\"lazy\" decoding=\"async\" width=\"435\" height=\"215\" src=\"https:\/\/paulinepolka.com\/wp-content\/uploads\/2025\/05\/fond-site-inuite.jpg\" alt=\"\" class=\"wp-image-124\" style=\"width:645px;height:auto\" srcset=\"https:\/\/paulinepolka.com\/wp-content\/uploads\/2025\/05\/fond-site-inuite.jpg 435w, https:\/\/paulinepolka.com\/wp-content\/uploads\/2025\/05\/fond-site-inuite-300x148.jpg 300w\" sizes=\"auto, (max-width: 435px) 100vw, 435px\" \/><figcaption class=\"wp-element-caption\">L&rsquo;ombre et la lumi\u00e8re<\/figcaption><\/figure>\n\n\n\n<figure class=\"wp-block-image size-large\"><img loading=\"lazy\" decoding=\"async\" width=\"960\" height=\"960\" src=\"https:\/\/paulinepolka.com\/wp-content\/uploads\/2025\/07\/20220704_164754-edited.png\" alt=\"\" class=\"wp-image-218\" srcset=\"https:\/\/paulinepolka.com\/wp-content\/uploads\/2025\/07\/20220704_164754-edited.png 960w, https:\/\/paulinepolka.com\/wp-content\/uploads\/2025\/07\/20220704_164754-edited-300x300.png 300w, https:\/\/paulinepolka.com\/wp-content\/uploads\/2025\/07\/20220704_164754-edited-150x150.png 150w, https:\/\/paulinepolka.com\/wp-content\/uploads\/2025\/07\/20220704_164754-edited-768x768.png 768w\" sizes=\"auto, (max-width: 960px) 100vw, 960px\" \/><figcaption class=\"wp-element-caption\">La For\u00eat<\/figcaption><\/figure>\n\n\n\n<div class=\"wp-block-columns alignwide is-layout-flex wp-container-core-columns-is-layout-47c06fe3 wp-block-columns-is-layout-flex\">\n<div class=\"wp-block-column is-layout-flow wp-block-column-is-layout-flow\" style=\"flex-basis:56%\">\n<figure class=\"wp-block-image alignright size-full\"><img loading=\"lazy\" decoding=\"async\" width=\"559\" height=\"640\" src=\"https:\/\/paulinepolka.com\/wp-content\/uploads\/2025\/06\/20230903_104337.png\" alt=\"\" class=\"wp-image-172\" srcset=\"https:\/\/paulinepolka.com\/wp-content\/uploads\/2025\/06\/20230903_104337.png 559w, https:\/\/paulinepolka.com\/wp-content\/uploads\/2025\/06\/20230903_104337-262x300.png 262w\" sizes=\"auto, (max-width: 559px) 100vw, 559px\" \/><figcaption class=\"wp-element-caption\">La montagne<\/figcaption><\/figure>\n<\/div>\n\n\n\n<div class=\"wp-block-column is-vertically-aligned-center is-layout-flow wp-container-core-column-is-layout-119bc444 wp-block-column-is-layout-flow\">\n<h2 class=\"wp-block-heading\">Nouveaut\u00e9 galerie en ligne&#8230;<\/h2>\n\n\n\n<p><\/p>\n\n\n\n<div class=\"wp-block-buttons is-layout-flex wp-block-buttons-is-layout-flex\">\n<div class=\"wp-block-button\"><a class=\"wp-block-button__link wp-element-button\" href=\"https:\/\/www.singulart.com\/fr\/artiste\/pauline-polka-60368\">En savoir plus<\/a><\/div>\n<\/div>\n<\/div>\n<\/div>\n\n\n\n<figure class=\"wp-block-gallery has-nested-images columns-default is-cropped wp-block-gallery-2 is-layout-flex wp-block-gallery-is-layout-flex\">\n<figure class=\"wp-block-image size-large\"><img loading=\"lazy\" decoding=\"async\" width=\"768\" height=\"1024\" data-id=\"130\" src=\"https:\/\/paulinepolka.com\/wp-content\/uploads\/2025\/05\/20220704_165111-768x1024.png\" alt=\"\" class=\"wp-image-130\" srcset=\"https:\/\/paulinepolka.com\/wp-content\/uploads\/2025\/05\/20220704_165111-768x1024.png 768w, https:\/\/paulinepolka.com\/wp-content\/uploads\/2025\/05\/20220704_165111-225x300.png 225w, https:\/\/paulinepolka.com\/wp-content\/uploads\/2025\/05\/20220704_165111.png 960w\" sizes=\"auto, (max-width: 768px) 100vw, 768px\" \/><figcaption class=\"wp-element-caption\"><strong><mark style=\"background-color:rgba(0, 0, 0, 0)\" class=\"has-inline-color has-base-color\">G<\/mark>ERMINATION<\/strong><\/figcaption><\/figure>\n<\/figure>\n\n\n\n<p class=\"has-text-align-center\"><\/p>\n<\/div>\n\n\n\n<div class=\"wp-block-group alignfull has-global-padding is-layout-constrained wp-block-group-is-layout-constrained\" style=\"margin-top:0;margin-bottom:0;padding-top:var(--wp--preset--spacing--50);padding-bottom:var(--wp--preset--spacing--50)\">\n<figure class=\"wp-block-image size-full\"><img loading=\"lazy\" decoding=\"async\" width=\"500\" height=\"700\" src=\"https:\/\/paulinepolka.com\/wp-content\/uploads\/2025\/06\/face-A-soie.webp\" alt=\"\" class=\"wp-image-199\" srcset=\"https:\/\/paulinepolka.com\/wp-content\/uploads\/2025\/06\/face-A-soie.webp 500w, https:\/\/paulinepolka.com\/wp-content\/uploads\/2025\/06\/face-A-soie-214x300.webp 214w\" sizes=\"auto, (max-width: 500px) 100vw, 500px\" \/><figcaption class=\"wp-element-caption\">FACE A<\/figcaption><\/figure>\n\n\n\n<div class=\"wp-block-group alignwide is-layout-grid wp-container-core-group-is-layout-21f393a4 wp-block-group-is-layout-grid\">\n<div class=\"wp-block-group is-style-section-3 has-global-padding is-layout-constrained wp-block-group-is-layout-constrained is-style-section-3--3\" style=\"min-height:297px\">\n<div class=\"wp-block-group is-vertical is-content-justification-center is-layout-flex wp-container-core-group-is-layout-4aa192bb wp-block-group-is-layout-flex\" style=\"min-height:100%\">\n<h2 class=\"wp-block-heading has-large-font-size\">Peintures sur soie,<\/h2>\n\n\n\n<p>Pastels \u00e0 l&rsquo;huile, <\/p>\n\n\n\n<p>Acryliques, Encres&#8230;<\/p>\n\n\n\n<p class=\"has-text-align-center has-medium-font-size\"><\/p>\n<\/div>\n<\/div>\n\n\n\n<figure class=\"wp-block-image size-full wp-container-content-79286276\"><img loading=\"lazy\" decoding=\"async\" width=\"509\" height=\"539\" src=\"https:\/\/paulinepolka.com\/wp-content\/uploads\/2025\/05\/les-3-grues-soie-1.jpg\" alt=\"\" class=\"wp-image-28\" style=\"aspect-ratio:1;object-fit:cover\" srcset=\"https:\/\/paulinepolka.com\/wp-content\/uploads\/2025\/05\/les-3-grues-soie-1.jpg 509w, https:\/\/paulinepolka.com\/wp-content\/uploads\/2025\/05\/les-3-grues-soie-1-283x300.jpg 283w\" sizes=\"auto, (max-width: 509px) 100vw, 509px\" \/><figcaption class=\"wp-element-caption\">                                     <strong>      Les 3 grues  <\/strong><\/figcaption><\/figure>\n\n\n\n<figure class=\"wp-block-image size-full wp-container-content-79286276\"><img loading=\"lazy\" decoding=\"async\" width=\"2080\" height=\"2560\" src=\"https:\/\/paulinepolka.com\/wp-content\/uploads\/2025\/05\/20220704_124704-scaled.jpg\" alt=\"\" class=\"wp-image-34\" style=\"aspect-ratio:1;object-fit:cover\" srcset=\"https:\/\/paulinepolka.com\/wp-content\/uploads\/2025\/05\/20220704_124704-scaled.jpg 2080w, https:\/\/paulinepolka.com\/wp-content\/uploads\/2025\/05\/20220704_124704-244x300.jpg 244w, https:\/\/paulinepolka.com\/wp-content\/uploads\/2025\/05\/20220704_124704-832x1024.jpg 832w, https:\/\/paulinepolka.com\/wp-content\/uploads\/2025\/05\/20220704_124704-768x945.jpg 768w, https:\/\/paulinepolka.com\/wp-content\/uploads\/2025\/05\/20220704_124704-1248x1536.jpg 1248w, https:\/\/paulinepolka.com\/wp-content\/uploads\/2025\/05\/20220704_124704-1664x2048.jpg 1664w\" sizes=\"auto, (max-width: 2080px) 100vw, 2080px\" \/><figcaption class=\"wp-element-caption\">                    <strong>               Pommier sous les \u00e9toiles<\/strong><\/figcaption><\/figure>\n\n\n\n<figure class=\"wp-block-image size-full\"><img loading=\"lazy\" decoding=\"async\" width=\"978\" height=\"1272\" src=\"https:\/\/paulinepolka.com\/wp-content\/uploads\/2025\/05\/La-rose-des-marais.jpg\" alt=\"\" class=\"wp-image-37\" style=\"aspect-ratio:1;object-fit:cover\" srcset=\"https:\/\/paulinepolka.com\/wp-content\/uploads\/2025\/05\/La-rose-des-marais.jpg 978w, https:\/\/paulinepolka.com\/wp-content\/uploads\/2025\/05\/La-rose-des-marais-231x300.jpg 231w, https:\/\/paulinepolka.com\/wp-content\/uploads\/2025\/05\/La-rose-des-marais-787x1024.jpg 787w, https:\/\/paulinepolka.com\/wp-content\/uploads\/2025\/05\/La-rose-des-marais-768x999.jpg 768w\" sizes=\"auto, (max-width: 978px) 100vw, 978px\" \/><figcaption class=\"wp-element-caption\">      <strong>                                  Les roses des marais<\/strong> <\/figcaption><\/figure>\n\n\n\n<figure class=\"wp-block-image size-full\"><img loading=\"lazy\" decoding=\"async\" width=\"1071\" height=\"903\" src=\"https:\/\/paulinepolka.com\/wp-content\/uploads\/2025\/05\/La-fleur-papillon-1.jpg\" alt=\"\" class=\"wp-image-30\" style=\"aspect-ratio:1;object-fit:cover\" srcset=\"https:\/\/paulinepolka.com\/wp-content\/uploads\/2025\/05\/La-fleur-papillon-1.jpg 1071w, https:\/\/paulinepolka.com\/wp-content\/uploads\/2025\/05\/La-fleur-papillon-1-300x253.jpg 300w, https:\/\/paulinepolka.com\/wp-content\/uploads\/2025\/05\/La-fleur-papillon-1-1024x863.jpg 1024w, https:\/\/paulinepolka.com\/wp-content\/uploads\/2025\/05\/La-fleur-papillon-1-768x648.jpg 768w\" sizes=\"auto, (max-width: 1071px) 100vw, 1071px\" \/><figcaption class=\"wp-element-caption\">                      <strong>                          Fleur papillon<\/strong><\/figcaption><\/figure>\n<\/div>\n\n\n\n<div class=\"wp-block-group alignwide is-layout-grid wp-container-core-group-is-layout-21f393a4 wp-block-group-is-layout-grid\">\n<p class=\"wp-container-content-86016f9f\"><\/p>\n<\/div>\n<\/div>\n\n\n\n<div class=\"wp-block-group alignfull has-global-padding is-layout-constrained wp-block-group-is-layout-constrained\" style=\"margin-top:0;margin-bottom:0;padding-top:var(--wp--preset--spacing--50);padding-bottom:var(--wp--preset--spacing--50)\">\n<div class=\"wp-block-group alignwide is-layout-grid wp-container-core-group-is-layout-840b37f5 wp-block-group-is-layout-grid\">\n<div class=\"wp-block-group is-vertical is-layout-flex wp-container-core-group-is-layout-d6b9ab57 wp-block-group-is-layout-flex\">\n<h2 class=\"wp-block-heading has-x-large-font-size\">Quand la Vie s&rsquo;\u00e9l\u00e8ve&#8230;<\/h2>\n<\/div>\n\n\n\n<div class=\"wp-block-group is-vertical is-content-justification-stretch is-layout-flex wp-container-core-group-is-layout-353c4f5a wp-block-group-is-layout-flex\">\n<p class=\"has-text-align-center\">Pousses de soja<\/p>\n\n\n\n<div class=\"wp-block-cover\" style=\"min-height:457px;aspect-ratio:unset;\"><img loading=\"lazy\" decoding=\"async\" width=\"1024\" height=\"860\" class=\"wp-block-cover__image-background wp-image-26 size-large\" alt=\"\" src=\"https:\/\/paulinepolka.com\/wp-content\/uploads\/2025\/05\/Pousses-soja2-1024x860.jpg\" data-object-fit=\"cover\" srcset=\"https:\/\/paulinepolka.com\/wp-content\/uploads\/2025\/05\/Pousses-soja2-1024x860.jpg 1024w, https:\/\/paulinepolka.com\/wp-content\/uploads\/2025\/05\/Pousses-soja2-300x252.jpg 300w, https:\/\/paulinepolka.com\/wp-content\/uploads\/2025\/05\/Pousses-soja2-768x645.jpg 768w, https:\/\/paulinepolka.com\/wp-content\/uploads\/2025\/05\/Pousses-soja2.jpg 1177w\" sizes=\"auto, (max-width: 1024px) 100vw, 1024px\" \/><span aria-hidden=\"true\" class=\"wp-block-cover__background has-background-dim-0 has-background-dim\" style=\"background-color:#828282\"><\/span><div class=\"wp-block-cover__inner-container has-global-padding is-layout-constrained wp-block-cover-is-layout-constrained\">\n<div style=\"height:var(--wp--preset--spacing--20)\" aria-hidden=\"true\" class=\"wp-block-spacer\"><\/div>\n<\/div><\/div>\n<\/div>\n\n\n\n<div class=\"wp-block-group is-vertical is-content-justification-stretch is-layout-flex wp-container-core-group-is-layout-353c4f5a wp-block-group-is-layout-flex\">\n<p class=\"has-text-align-center\">Nouvelle vague<\/p>\n\n\n\n<div class=\"wp-block-columns is-layout-flex wp-container-core-columns-is-layout-28f84493 wp-block-columns-is-layout-flex\">\n<div class=\"wp-block-column is-layout-flow wp-block-column-is-layout-flow\" style=\"flex-basis:100%\">\n<div class=\"wp-block-cover\" style=\"min-height:460px;aspect-ratio:unset;\"><img loading=\"lazy\" decoding=\"async\" width=\"815\" height=\"1020\" class=\"wp-block-cover__image-background wp-image-126 size-full\" alt=\"\" src=\"https:\/\/paulinepolka.com\/wp-content\/uploads\/2025\/05\/nouvelle-vague-jamaica.jpg\" data-object-fit=\"cover\" srcset=\"https:\/\/paulinepolka.com\/wp-content\/uploads\/2025\/05\/nouvelle-vague-jamaica.jpg 815w, https:\/\/paulinepolka.com\/wp-content\/uploads\/2025\/05\/nouvelle-vague-jamaica-240x300.jpg 240w, https:\/\/paulinepolka.com\/wp-content\/uploads\/2025\/05\/nouvelle-vague-jamaica-768x961.jpg 768w\" sizes=\"auto, (max-width: 815px) 100vw, 815px\" \/><span aria-hidden=\"true\" class=\"wp-block-cover__background has-background-dim-0 has-background-dim\" style=\"background-color:#d6bc98\"><\/span><div class=\"wp-block-cover__inner-container has-global-padding is-layout-constrained wp-block-cover-is-layout-constrained\">\n<div style=\"height:var(--wp--preset--spacing--20)\" aria-hidden=\"true\" class=\"wp-block-spacer\"><\/div>\n<\/div><\/div>\n<\/div>\n<\/div>\n\n\n\n<p class=\"has-text-align-right\"><\/p>\n<\/div>\n<\/div>\n<\/div>\n\n\n\n<p><\/p>\n\n\n","protected":false},"excerpt":{"rendered":"<p>Nouveaut\u00e9 galerie en ligne&#8230; Peintures sur soie, Pastels \u00e0 l&rsquo;huile, Acryliques, Encres&#8230; Quand la Vie s&rsquo;\u00e9l\u00e8ve&#8230; Pousses de soja Nouvelle vague<\/p>\n","protected":false},"author":1,"featured_media":0,"parent":0,"menu_order":0,"comment_status":"closed","ping_status":"closed","template":"","meta":{"footnotes":"[]"},"class_list":["post-23","page","type-page","status-publish","hentry"],"_links":{"self":[{"href":"https:\/\/paulinepolka.com\/index.php?rest_route=\/wp\/v2\/pages\/23","targetHints":{"allow":["GET"]}}],"collection":[{"href":"https:\/\/paulinepolka.com\/index.php?rest_route=\/wp\/v2\/pages"}],"about":[{"href":"https:\/\/paulinepolka.com\/index.php?rest_route=\/wp\/v2\/types\/page"}],"author":[{"embeddable":true,"href":"https:\/\/paulinepolka.com\/index.php?rest_route=\/wp\/v2\/users\/1"}],"replies":[{"embeddable":true,"href":"https:\/\/paulinepolka.com\/index.php?rest_route=%2Fwp%2Fv2%2Fcomments&post=23"}],"version-history":[{"count":39,"href":"https:\/\/paulinepolka.com\/index.php?rest_route=\/wp\/v2\/pages\/23\/revisions"}],"predecessor-version":[{"id":222,"href":"https:\/\/paulinepolka.com\/index.php?rest_route=\/wp\/v2\/pages\/23\/revisions\/222"}],"wp:attachment":[{"href":"https:\/\/paulinepolka.com\/index.php?rest_route=%2Fwp%2Fv2%2Fmedia&parent=23"}],"curies":[{"name":"wp","href":"https:\/\/api.w.org\/{rel}","templated":true}]}}