{"id":16,"date":"2025-05-26T17:32:23","date_gmt":"2025-05-26T17:32:23","guid":{"rendered":"https:\/\/paulinepolka.com\/?page_id=16"},"modified":"2026-04-12T13:32:38","modified_gmt":"2026-04-12T13:32:38","slug":"16-2","status":"publish","type":"page","link":"https:\/\/paulinepolka.com\/","title":{"rendered":"Profil"},"content":{"rendered":"\n<div class=\"wp-block-group alignfull is-style-section-1 has-global-padding is-layout-constrained wp-container-core-group-is-layout-cdf985e3 wp-block-group-is-layout-constrained is-style-section-1--1\" style=\"min-height:100vh;margin-top:0;margin-bottom:0;padding-top:var(--wp--preset--spacing--80);padding-right:var(--wp--preset--spacing--80);padding-bottom:var(--wp--preset--spacing--80);padding-left:var(--wp--preset--spacing--80)\">\n<p><strong>Pauline Polka<\/strong> est ing\u00e9nieure du son de studio mais elle a d\u00fb arr\u00eater pour des raisons de sant\u00e9. Elle se dirige dans la peinture et en 2014, publie \u00ab\u00a0<em>Les 12 contes de midi<\/em> \u00ab\u00a0aux \u00c9ditions l\u2019Harmattan.<\/p>\n\n\n\n<p>Elle d\u00e9veloppe une pratique artistique pluridisciplinaire <\/p>\n\n\n\n<figure class=\"wp-block-gallery aligncenter has-nested-images columns-default is-cropped wp-block-gallery-2 is-layout-flex wp-block-gallery-is-layout-flex\">\n<figure class=\"wp-block-image size-full\"><img loading=\"lazy\" decoding=\"async\" width=\"353\" height=\"510\" data-id=\"460\" src=\"https:\/\/paulinepolka.com\/wp-content\/uploads\/2026\/01\/uplp.png\" alt=\"\" class=\"wp-image-460\" srcset=\"https:\/\/paulinepolka.com\/wp-content\/uploads\/2026\/01\/uplp.png 353w, https:\/\/paulinepolka.com\/wp-content\/uploads\/2026\/01\/uplp-208x300.png 208w\" sizes=\"auto, (max-width: 353px) 100vw, 353px\" \/><\/figure>\n\n\n\n<figure class=\"wp-block-image size-full\"><img loading=\"lazy\" decoding=\"async\" width=\"192\" height=\"373\" data-id=\"458\" src=\"https:\/\/paulinepolka.com\/wp-content\/uploads\/2026\/01\/pauline-3.jpg\" alt=\"\" class=\"wp-image-458\" srcset=\"https:\/\/paulinepolka.com\/wp-content\/uploads\/2026\/01\/pauline-3.jpg 192w, https:\/\/paulinepolka.com\/wp-content\/uploads\/2026\/01\/pauline-3-154x300.jpg 154w\" sizes=\"auto, (max-width: 192px) 100vw, 192px\" \/><\/figure>\n<\/figure>\n\n\n\n<p>Les contes sont illustr\u00e9s par ses peintures et comme ses tableaux inspirent les enfants en leur donnant envie de cr\u00e9er; elle y int\u00e8gre des espaces pour dessiner.<\/p>\n\n\n\n<p>En 2020, elle r\u00e9alise \u00ab\u00a0<em>Une travers\u00e9e de 4 saisons\u00a0\u00bb<\/em>, spectacle musical (piano, percussion et chant) dont elle est l&rsquo;auteur et compositeur (textes, paroles &amp; musiques).<\/p>\n\n\n\n<p>Ce projet sc\u00e9nique s\u2019inscrit dans un univers po\u00e9tique m\u00ealant chansons fran\u00e7aises et influences folk, avec des atmosph\u00e8res saisonni\u00e8res, \u00e0 la fois cyclique et m\u00e9taphysique.<\/p>\n\n\n\n<p>Parall\u00e8lement, Pauline m\u00e8ne une recherche en peinture exp\u00e9rimentale, explorant diff\u00e9rents m\u00e9diums tels que la peinture sur soie, les pastels \u00e0 l\u2019huile, l\u2019acrylique, les pigments et les encres. Depuis 2023, elle approfondit cette d\u00e9marche artistique \u00e0 travers un accompagnement r\u00e9gulier aupr\u00e8s de Gilbert Wolfisberg, d\u00e9veloppant un travail ax\u00e9 sur la g\u00e9om\u00e9trie et diff\u00e9rentes structures picturales \u0301avec animations rythmiques bas\u00e9s sur le nombre d\u2019or<\/p>\n\n\n\n<p><\/p>\n\n\n\n<p><\/p>\n<\/div>\n\n\n\n<p><\/p>\n","protected":false},"excerpt":{"rendered":"<p>Pauline Polka est ing\u00e9nieure du son de studio mais elle a d\u00fb arr\u00eater pour des raisons de sant\u00e9. Elle se dirige dans la peinture et en 2014, publie \u00ab\u00a0Les 12 contes de midi \u00ab\u00a0aux \u00c9ditions l\u2019Harmattan. Elle d\u00e9veloppe une pratique artistique pluridisciplinaire Les contes sont illustr\u00e9s par ses peintures et comme ses tableaux inspirent les [&hellip;]<\/p>\n","protected":false},"author":1,"featured_media":0,"parent":0,"menu_order":1,"comment_status":"closed","ping_status":"closed","template":"","meta":{"footnotes":""},"class_list":["post-16","page","type-page","status-publish","hentry"],"_links":{"self":[{"href":"https:\/\/paulinepolka.com\/index.php?rest_route=\/wp\/v2\/pages\/16","targetHints":{"allow":["GET"]}}],"collection":[{"href":"https:\/\/paulinepolka.com\/index.php?rest_route=\/wp\/v2\/pages"}],"about":[{"href":"https:\/\/paulinepolka.com\/index.php?rest_route=\/wp\/v2\/types\/page"}],"author":[{"embeddable":true,"href":"https:\/\/paulinepolka.com\/index.php?rest_route=\/wp\/v2\/users\/1"}],"replies":[{"embeddable":true,"href":"https:\/\/paulinepolka.com\/index.php?rest_route=%2Fwp%2Fv2%2Fcomments&post=16"}],"version-history":[{"count":49,"href":"https:\/\/paulinepolka.com\/index.php?rest_route=\/wp\/v2\/pages\/16\/revisions"}],"predecessor-version":[{"id":542,"href":"https:\/\/paulinepolka.com\/index.php?rest_route=\/wp\/v2\/pages\/16\/revisions\/542"}],"wp:attachment":[{"href":"https:\/\/paulinepolka.com\/index.php?rest_route=%2Fwp%2Fv2%2Fmedia&parent=16"}],"curies":[{"name":"wp","href":"https:\/\/api.w.org\/{rel}","templated":true}]}}